{"id":83,"date":"2018-02-19T17:29:23","date_gmt":"2018-02-19T16:29:23","guid":{"rendered":"https:\/\/ohm-informatique.ch\/?page_id=83"},"modified":"2023-01-08T14:24:27","modified_gmt":"2023-01-08T13:24:27","slug":"nos-partenaires","status":"publish","type":"page","link":"https:\/\/ohm-informatique.ch\/index.php\/nos-partenaires\/","title":{"rendered":"Nos partenaires"},"content":{"rendered":"<p>Nous sommes fiers de collaborer avec des partenaires de renom, des entreprises leaders dans leur domaine et reconnues pour leur expertise.<\/p>\n<div class=\"su-row\">\n<div class=\"su-column su-column-size-1-2\"><div class=\"su-column-inner su-u-clearfix su-u-trim\">\n<a href=\"https:\/\/karac.ch\/\"><img loading=\"lazy\" decoding=\"async\" width=\"250\" height=\"104\" class=\"alignnone size-medium wp-image-87\" src=\"https:\/\/ohm-informatique.ch\/wp-content\/uploads\/2018\/02\/28341016_10156331471110229_1753697058_o-250x104.png\" alt=\"\" srcset=\"https:\/\/ohm-informatique.ch\/wp-content\/uploads\/2018\/02\/28341016_10156331471110229_1753697058_o-250x104.png 250w, https:\/\/ohm-informatique.ch\/wp-content\/uploads\/2018\/02\/28341016_10156331471110229_1753697058_o-768x318.png 768w, https:\/\/ohm-informatique.ch\/wp-content\/uploads\/2018\/02\/28341016_10156331471110229_1753697058_o-700x290.png 700w, https:\/\/ohm-informatique.ch\/wp-content\/uploads\/2018\/02\/28341016_10156331471110229_1753697058_o-120x50.png 120w, https:\/\/ohm-informatique.ch\/wp-content\/uploads\/2018\/02\/28341016_10156331471110229_1753697058_o.png 1284w\" sizes=\"auto, (max-width: 250px) 100vw, 250px\" \/><\/a><br \/>\n<\/div><\/div>\n<div class=\"su-column su-column-size-1-2\"><div class=\"su-column-inner su-u-clearfix su-u-trim\">\nL&rsquo;agence web karac est sp\u00e9cialis\u00e9e dans la communication digitale : cr\u00e9ation de site internet, e-commerce, application web, application mobile iOS et Android, visite virtuelle, photos 360, r\u00e9f\u00e9rencement, newsletter, marketing.<br \/>\n<\/div><\/div>\n<\/div>\n<div class=\"su-spacer\" style=\"height:100px\"><\/div>\n<h2>Nos logiciels<\/h2>\n<div class=\"su-row\">\n<div class=\"su-column su-column-size-1-2\"><div class=\"su-column-inner su-u-clearfix su-u-trim\">\n<a href=\"https:\/\/www.winbiz.ch\/\"> <img loading=\"lazy\" decoding=\"async\" width=\"250\" height=\"86\" class=\"alignnone size-medium wp-image-84\" src=\"https:\/\/ohm-informatique.ch\/wp-content\/uploads\/2018\/02\/Winbiz-solution-250x86.png\" alt=\"www.winbiz.ch\" srcset=\"https:\/\/ohm-informatique.ch\/wp-content\/uploads\/2018\/02\/Winbiz-solution-250x86.png 250w, https:\/\/ohm-informatique.ch\/wp-content\/uploads\/2018\/02\/Winbiz-solution-120x41.png 120w, https:\/\/ohm-informatique.ch\/wp-content\/uploads\/2018\/02\/Winbiz-solution.png 353w\" sizes=\"auto, (max-width: 250px) 100vw, 250px\" \/><\/a><br \/>\n<\/div><\/div>\n<div class=\"su-column su-column-size-1-2\"><div class=\"su-column-inner su-u-clearfix su-u-trim\">\nLogiciel de gestion Suisse pour les entreprises suisses. Winbiz vous aide \u00e0 piloter votre entreprise \u00e0 travers la gestion de la comptabilit\u00e9, de la facturation et des salaires.<br \/>\n<\/div><\/div>\n<\/div>\n<div class=\"su-row\">\n<div class=\"su-column su-column-size-1-2\"><div class=\"su-column-inner su-u-clearfix su-u-trim\">\n<a href=\"https:\/\/www.teamviewer.com\/fr\/\"><img loading=\"lazy\" decoding=\"async\" width=\"250\" height=\"57\" class=\"alignnone size-medium wp-image-90\" src=\"https:\/\/ohm-informatique.ch\/wp-content\/uploads\/2018\/02\/Logo-TeamViewer-2016-250x57.png\" alt=\"\" srcset=\"https:\/\/ohm-informatique.ch\/wp-content\/uploads\/2018\/02\/Logo-TeamViewer-2016-250x57.png 250w, https:\/\/ohm-informatique.ch\/wp-content\/uploads\/2018\/02\/Logo-TeamViewer-2016-768x174.png 768w, https:\/\/ohm-informatique.ch\/wp-content\/uploads\/2018\/02\/Logo-TeamViewer-2016-700x159.png 700w, https:\/\/ohm-informatique.ch\/wp-content\/uploads\/2018\/02\/Logo-TeamViewer-2016-120x27.png 120w\" sizes=\"auto, (max-width: 250px) 100vw, 250px\" \/><\/a><br \/>\n<\/div><\/div>\n<div class=\"su-column su-column-size-1-2\"><div class=\"su-column-inner su-u-clearfix su-u-trim\">\nNous connectons les personnes, les lieux et les choses autour du monde.<br \/>\nS\u00e9curisation de l\u2019acc\u00e8s \u00b7 Compatibilit\u00e9 maximale \u00b7 Partage d\u2019\u00e9cran iOS \u00b7 Haute s\u00e9curit\u00e9 \u00b7 Acc\u00e8s 24\/7<br \/>\nServices: Contr\u00f4le \u00e0 Distance, R\u00e9union en ligne et la T\u00e9l\u00e9maintenance.<br \/>\n<\/div><\/div>\n<\/div>\n","protected":false},"excerpt":{"rendered":"Nous sommes fiers de collaborer avec des partenaires de renom, des entreprises leaders dans leur domaine et reconnues pour leur expertise. Nos logiciels","protected":false},"author":2,"featured_media":0,"parent":0,"menu_order":0,"comment_status":"closed","ping_status":"closed","template":"","meta":{"_acf_changed":false,"footnotes":""},"class_list":["post-83","page","type-page","status-publish","hentry"],"acf":[],"_links":{"self":[{"href":"https:\/\/ohm-informatique.ch\/index.php\/wp-json\/wp\/v2\/pages\/83","targetHints":{"allow":["GET"]}}],"collection":[{"href":"https:\/\/ohm-informatique.ch\/index.php\/wp-json\/wp\/v2\/pages"}],"about":[{"href":"https:\/\/ohm-informatique.ch\/index.php\/wp-json\/wp\/v2\/types\/page"}],"author":[{"embeddable":true,"href":"https:\/\/ohm-informatique.ch\/index.php\/wp-json\/wp\/v2\/users\/2"}],"replies":[{"embeddable":true,"href":"https:\/\/ohm-informatique.ch\/index.php\/wp-json\/wp\/v2\/comments?post=83"}],"version-history":[{"count":19,"href":"https:\/\/ohm-informatique.ch\/index.php\/wp-json\/wp\/v2\/pages\/83\/revisions"}],"predecessor-version":[{"id":171,"href":"https:\/\/ohm-informatique.ch\/index.php\/wp-json\/wp\/v2\/pages\/83\/revisions\/171"}],"wp:attachment":[{"href":"https:\/\/ohm-informatique.ch\/index.php\/wp-json\/wp\/v2\/media?parent=83"}],"curies":[{"name":"wp","href":"https:\/\/api.w.org\/{rel}","templated":true}]}}