{"id":5,"date":"2018-01-14T21:21:20","date_gmt":"2018-01-14T20:21:20","guid":{"rendered":"https:\/\/ohm-informatique.ch\/?page_id=5"},"modified":"2025-01-19T20:49:35","modified_gmt":"2025-01-19T19:49:35","slug":"contact","status":"publish","type":"page","link":"https:\/\/ohm-informatique.ch\/index.php\/contact\/","title":{"rendered":"contact"},"content":{"rendered":"<h3><strong>Ohm informatique<\/strong><\/h3>\n<p><span style=\"display: inline !important; float: none; background-color: transparent; color: #333333; cursor: text; font-family: Georgia,'Times New Roman','Bitstream Charter',Times,serif; font-size: 16px; font-style: normal; font-variant: normal; font-weight: 400; letter-spacing: normal; orphans: 2; text-align: left; text-decoration: none; text-indent: 0px; text-transform: none; -webkit-text-stroke-width: 0px; white-space: normal; word-spacing: 0px;\">T\u00e9l\u00e9phone : <\/span><a href=\"https:\/\/ohm-informatique.ch\/wp-admin\/+41763960420\">+41 (0) 76 396 04 20<\/a><br \/>\n<span style=\"display: inline !important; float: none; background-color: transparent; color: #333333; cursor: text; font-family: Georgia,'Times New Roman','Bitstream Charter',Times,serif; font-size: 16px; font-style: normal; font-variant: normal; font-weight: 400; letter-spacing: normal; orphans: 2; text-align: left; text-decoration: none; text-indent: 0px; text-transform: none; -webkit-text-stroke-width: 0px; white-space: normal; word-spacing: 0px;\"> Adresse mail : <\/span><a href=\"mailto:pierre-alain.daepp@ohm-informatique.ch\">pierre-alain.daepp@ohm-informatique.ch<\/a><\/p>\n<p><span style=\"display: inline !important; float: none; background-color: transparent; color: #333333; cursor: text; font-family: Georgia,'Times New Roman','Bitstream Charter',Times,serif; font-size: 16px; font-style: normal; font-variant: normal; font-weight: 400; letter-spacing: normal; orphans: 2; text-align: left; text-decoration: none; text-indent: 0px; text-transform: none; -webkit-text-stroke-width: 0px; white-space: normal; word-spacing: 0px;\">Pour nous suivre sur <\/span><a href=\"https:\/\/www.facebook.com\/Ohm-informatique-618356298217283\/\" target=\"_blank\" rel=\"noopener\">Facebook<\/a><span style=\"display: inline !important; float: none; background-color: transparent; color: #333333; cursor: text; font-family: Georgia,'Times New Roman','Bitstream Charter',Times,serif; font-size: 16px; font-style: normal; font-variant: normal; font-weight: 400; letter-spacing: normal; orphans: 2; text-align: left; text-decoration: none; text-indent: 0px; text-transform: none; -webkit-text-stroke-width: 0px; white-space: normal; word-spacing: 0px;\">.<\/span><\/p>\n<div class=\"su-row\">\n<div class=\"su-column su-column-size-1-2\"><div class=\"su-column-inner su-u-clearfix su-u-trim\">\n<h4>Adresse administrative et de contact:<\/h4>\n<p>Ohm informatique<br \/>\nLes Carrons 2<b><br \/>\n<\/b>1474 Ch\u00e2bles<br \/>\n<\/div><\/div>\n<div class=\"su-column su-column-size-1-2\"><div class=\"su-column-inner su-u-clearfix su-u-trim\">\n<img loading=\"lazy\" decoding=\"async\" width=\"250\" height=\"250\" class=\"alignnone size-medium wp-image-164\" src=\"https:\/\/ohm-informatique.ch\/wp-content\/uploads\/2023\/01\/qr-code-250x250.png\" alt=\"\" srcset=\"https:\/\/ohm-informatique.ch\/wp-content\/uploads\/2023\/01\/qr-code-250x250.png 250w, https:\/\/ohm-informatique.ch\/wp-content\/uploads\/2023\/01\/qr-code-700x700.png 700w, https:\/\/ohm-informatique.ch\/wp-content\/uploads\/2023\/01\/qr-code-150x150.png 150w, https:\/\/ohm-informatique.ch\/wp-content\/uploads\/2023\/01\/qr-code-768x768.png 768w, https:\/\/ohm-informatique.ch\/wp-content\/uploads\/2023\/01\/qr-code-1536x1536.png 1536w, https:\/\/ohm-informatique.ch\/wp-content\/uploads\/2023\/01\/qr-code-2048x2048.png 2048w, https:\/\/ohm-informatique.ch\/wp-content\/uploads\/2023\/01\/qr-code-120x120.png 120w\" sizes=\"auto, (max-width: 250px) 100vw, 250px\" \/><br \/>\n<\/div><\/div>\n<\/div>\n<p>Faites-nous part de votre projet, votre id\u00e9e ou votre question en remplissant notre formulaire de contact ! Nous sommes l\u00e0 pour vous aider \u00e0 r\u00e9aliser tous vos projets.<\/p>\n\n<div class=\"wpcf7 no-js\" id=\"wpcf7-f4-o1\" lang=\"fr-FR\" dir=\"ltr\" data-wpcf7-id=\"4\">\n<div class=\"screen-reader-response\"><p role=\"status\" aria-live=\"polite\" aria-atomic=\"true\"><\/p> <ul><\/ul><\/div>\n<form action=\"\/index.php\/wp-json\/wp\/v2\/pages\/5#wpcf7-f4-o1\" method=\"post\" class=\"wpcf7-form init\" aria-label=\"Formulaire de contact\" novalidate=\"novalidate\" data-status=\"init\">\n<fieldset class=\"hidden-fields-container\"><input type=\"hidden\" name=\"_wpcf7\" value=\"4\" \/><input type=\"hidden\" name=\"_wpcf7_version\" value=\"6.1.5\" \/><input type=\"hidden\" name=\"_wpcf7_locale\" value=\"fr_FR\" \/><input type=\"hidden\" name=\"_wpcf7_unit_tag\" value=\"wpcf7-f4-o1\" \/><input type=\"hidden\" name=\"_wpcf7_container_post\" value=\"0\" \/><input type=\"hidden\" name=\"_wpcf7_posted_data_hash\" value=\"\" \/>\n<\/fieldset>\n<p><label> Votre Nom (obligatoire)<br \/>\n<span class=\"wpcf7-form-control-wrap\" data-name=\"your-name\"><input size=\"40\" maxlength=\"400\" class=\"wpcf7-form-control wpcf7-text wpcf7-validates-as-required\" aria-required=\"true\" aria-invalid=\"false\" value=\"\" type=\"text\" name=\"your-name\" \/><\/span> <\/label>\n<\/p>\n<p><label> Votre Adresse Email (obligatoire)<br \/>\n<span class=\"wpcf7-form-control-wrap\" data-name=\"your-email\"><input size=\"40\" maxlength=\"400\" class=\"wpcf7-form-control wpcf7-email wpcf7-validates-as-required wpcf7-text wpcf7-validates-as-email\" aria-required=\"true\" aria-invalid=\"false\" value=\"\" type=\"email\" name=\"your-email\" \/><\/span> <\/label>\n<\/p>\n<p><label> Sujet<br \/>\n<span class=\"wpcf7-form-control-wrap\" data-name=\"your-subject\"><input size=\"40\" maxlength=\"400\" class=\"wpcf7-form-control wpcf7-text\" aria-invalid=\"false\" value=\"\" type=\"text\" name=\"your-subject\" \/><\/span> <\/label>\n<\/p>\n<p><label> Votre Message<br \/>\n<span class=\"wpcf7-form-control-wrap\" data-name=\"your-message\"><textarea cols=\"40\" rows=\"10\" maxlength=\"2000\" class=\"wpcf7-form-control wpcf7-textarea\" aria-invalid=\"false\" name=\"your-message\"><\/textarea><\/span> <\/label>\n<\/p>\n<p><label> Filtre anti-spam:<br \/>\n<span class=\"wpcf7-form-control-wrap\" data-name=\"Quizalatoire\"><label><span class=\"wpcf7-quiz-label\">Qui est le plus grand 2 ou 8?<\/span> <input size=\"40\" class=\"wpcf7-form-control wpcf7-quiz\" autocomplete=\"off\" aria-required=\"true\" aria-invalid=\"false\" type=\"text\" name=\"Quizalatoire\" \/><\/label><input type=\"hidden\" name=\"_wpcf7_quiz_answer_Quizalatoire\" value=\"044d23f23a828e4fddf5e0bf55cdc670\" \/><\/span><\/label>\n<\/p>\n<p><input class=\"wpcf7-form-control wpcf7-submit has-spinner\" type=\"submit\" value=\"Envoyer\" \/>\n<\/p><p style=\"display: none !important;\" class=\"akismet-fields-container\" data-prefix=\"_wpcf7_ak_\"><label>&#916;<textarea name=\"_wpcf7_ak_hp_textarea\" cols=\"45\" rows=\"8\" maxlength=\"100\"><\/textarea><\/label><input type=\"hidden\" id=\"ak_js_1\" name=\"_wpcf7_ak_js\" value=\"249\"\/><script type=\"text\/javascript\">\n\/* <![CDATA[ *\/\ndocument.getElementById( \"ak_js_1\" ).setAttribute( \"value\", ( new Date() ).getTime() );\n\/* ]]> *\/\n<\/script>\n<\/p><div class=\"wpcf7-response-output\" aria-hidden=\"true\"><\/div>\n<\/form>\n<\/div>\n\n","protected":false},"excerpt":{"rendered":"Ohm informatique T\u00e9l\u00e9phone : +41 (0) 76 396 04 20 Adresse mail : pierre-alain.daepp@ohm-informatique.ch Pour nous suivre sur Facebook. Faites-nous part de votre projet, votre id\u00e9e ou votre question en remplissant notre formulaire de contact ! Nous sommes l\u00e0 pour vous aider \u00e0 r\u00e9aliser tous vos projets.","protected":false},"author":1,"featured_media":0,"parent":0,"menu_order":0,"comment_status":"closed","ping_status":"closed","template":"","meta":{"_acf_changed":false,"footnotes":""},"class_list":["post-5","page","type-page","status-publish","hentry"],"acf":[],"_links":{"self":[{"href":"https:\/\/ohm-informatique.ch\/index.php\/wp-json\/wp\/v2\/pages\/5","targetHints":{"allow":["GET"]}}],"collection":[{"href":"https:\/\/ohm-informatique.ch\/index.php\/wp-json\/wp\/v2\/pages"}],"about":[{"href":"https:\/\/ohm-informatique.ch\/index.php\/wp-json\/wp\/v2\/types\/page"}],"author":[{"embeddable":true,"href":"https:\/\/ohm-informatique.ch\/index.php\/wp-json\/wp\/v2\/users\/1"}],"replies":[{"embeddable":true,"href":"https:\/\/ohm-informatique.ch\/index.php\/wp-json\/wp\/v2\/comments?post=5"}],"version-history":[{"count":15,"href":"https:\/\/ohm-informatique.ch\/index.php\/wp-json\/wp\/v2\/pages\/5\/revisions"}],"predecessor-version":[{"id":262,"href":"https:\/\/ohm-informatique.ch\/index.php\/wp-json\/wp\/v2\/pages\/5\/revisions\/262"}],"wp:attachment":[{"href":"https:\/\/ohm-informatique.ch\/index.php\/wp-json\/wp\/v2\/media?parent=5"}],"curies":[{"name":"wp","href":"https:\/\/api.w.org\/{rel}","templated":true}]}}