{"id":230,"date":"2023-06-13T17:48:40","date_gmt":"2023-06-13T15:48:40","guid":{"rendered":"https:\/\/ohm-informatique.ch\/?page_id=230"},"modified":"2023-06-13T17:50:09","modified_gmt":"2023-06-13T15:50:09","slug":"assistance-a-distance","status":"publish","type":"page","link":"https:\/\/ohm-informatique.ch\/index.php\/assistance-a-distance\/","title":{"rendered":"Assistance \u00e0 distance"},"content":{"rendered":"\n<h2 class=\"wp-block-heading\">Installation et configuration de TeamViewer<\/h2>\n\n\n\n<p>TeamViewer est un logiciel populaire utilis\u00e9 pour la connexion \u00e0 distance, la gestion de bureau \u00e0 distance et le partage d&rsquo;\u00e9cran. Suivez les \u00e9tapes ci-dessous pour installer et configurer TeamViewer sur votre ordinateur.<\/p>\n\n\n\n<h3 class=\"wp-block-heading\">\u00c9tape 1 : T\u00e9l\u00e9chargement de TeamViewer<\/h3>\n\n\n\n<ol class=\"wp-block-list\">\n<li>Acc\u00e9dez au <a href=\"https:\/\/get.teamviewer.com\/ohm_qs\" target=\"_blank\" rel=\"noreferrer noopener\">lien de t\u00e9l\u00e9chargement de TeamViewer<\/a> dans votre navigateur.<\/li>\n\n\n\n<li>Cliquez sur le bouton de t\u00e9l\u00e9chargement pour d\u00e9marrer le t\u00e9l\u00e9chargement.<\/li>\n<\/ol>\n\n\n\n<h3 class=\"wp-block-heading\">\u00c9tape 2 : Installation de TeamViewer<\/h3>\n\n\n\n<ol class=\"wp-block-list\">\n<li>Une fois le t\u00e9l\u00e9chargement termin\u00e9, localisez le fichier d&rsquo;installation de TeamViewer sur votre ordinateur.<\/li>\n\n\n\n<li>Double-cliquez sur le fichier pour lancer l&rsquo;assistant d&rsquo;installation.<\/li>\n\n\n\n<li>Acceptez les termes du contrat de licence et cliquez sur \u00ab\u00a0Suivant\u00a0\u00bb.<\/li>\n\n\n\n<li>Choisissez l&rsquo;option \u00ab\u00a0Installation\u00a0\u00bb pour une installation standard de TeamViewer.<\/li>\n\n\n\n<li>S\u00e9lectionnez si vous souhaitez installer TeamViewer pour \u00ab\u00a0Utilisation personnelle\/non commerciale\u00a0\u00bb ou \u00ab\u00a0Utilisation commerciale\u00a0\u00bb selon vos besoins.<\/li>\n\n\n\n<li>Choisissez les options suppl\u00e9mentaires telles que la cr\u00e9ation d&rsquo;un raccourci sur le bureau si n\u00e9cessaire.<\/li>\n\n\n\n<li>Cliquez sur \u00ab\u00a0Installer\u00a0\u00bb pour d\u00e9marrer le processus d&rsquo;installation.<\/li>\n\n\n\n<li>Une fois l&rsquo;installation termin\u00e9e, cliquez sur \u00ab\u00a0Terminer\u00a0\u00bb pour fermer l&rsquo;assistant d&rsquo;installation.<\/li>\n<\/ol>\n\n\n\n<h3 class=\"wp-block-heading\">\u00c9tape 3 : Configuration de TeamViewer<\/h3>\n\n\n\n<ol class=\"wp-block-list\">\n<li>Lancez TeamViewer \u00e0 partir du raccourci sur le bureau ou en le recherchant dans le menu D\u00e9marrer.<\/li>\n\n\n\n<li>TeamViewer affichera un ID de partenaire et un mot de passe.<\/li>\n\n\n\n<li>Notez cet ID de partenaire et partagez-le avec la personne \u00e0 qui vous souhaitez donner l&rsquo;acc\u00e8s \u00e0 votre ordinateur.<\/li>\n<\/ol>\n\n\n\n<figure class=\"wp-block-image size-large\"><a href=\"https:\/\/get.teamviewer.com\/ohm_qs\"><img loading=\"lazy\" decoding=\"async\" width=\"700\" height=\"159\" src=\"https:\/\/ohm-informatique.ch\/wp-content\/uploads\/2023\/06\/4507px-TeamViewer_logo.svg_-700x159.png\" alt=\"\" class=\"wp-image-233\" srcset=\"https:\/\/ohm-informatique.ch\/wp-content\/uploads\/2023\/06\/4507px-TeamViewer_logo.svg_-700x159.png 700w, https:\/\/ohm-informatique.ch\/wp-content\/uploads\/2023\/06\/4507px-TeamViewer_logo.svg_-250x57.png 250w, https:\/\/ohm-informatique.ch\/wp-content\/uploads\/2023\/06\/4507px-TeamViewer_logo.svg_-768x174.png 768w, https:\/\/ohm-informatique.ch\/wp-content\/uploads\/2023\/06\/4507px-TeamViewer_logo.svg_-1536x349.png 1536w, https:\/\/ohm-informatique.ch\/wp-content\/uploads\/2023\/06\/4507px-TeamViewer_logo.svg_-2048x465.png 2048w, https:\/\/ohm-informatique.ch\/wp-content\/uploads\/2023\/06\/4507px-TeamViewer_logo.svg_-120x27.png 120w\" sizes=\"auto, (max-width: 700px) 100vw, 700px\" \/><\/a><\/figure>\n","protected":false},"excerpt":{"rendered":"Installation et configuration de TeamViewer TeamViewer est un logiciel populaire utilis\u00e9 pour la connexion \u00e0 distance, la gestion de bureau \u00e0 distance et le partage d&rsquo;\u00e9cran. Suivez les \u00e9tapes ci-dessous pour installer et configurer TeamViewer sur votre ordinateur. \u00c9tape 1 : T\u00e9l\u00e9chargement de TeamViewer \u00c9tape 2 : Installation de TeamViewer \u00c9tape 3 : Configuration de&#8230; <a class=\"view-article\" href=\"https:\/\/ohm-informatique.ch\/index.php\/assistance-a-distance\/\">Voir l&rsquo;article<\/a>","protected":false},"author":2,"featured_media":0,"parent":0,"menu_order":0,"comment_status":"closed","ping_status":"closed","template":"","meta":{"_acf_changed":false,"footnotes":""},"class_list":["post-230","page","type-page","status-publish","hentry"],"acf":[],"_links":{"self":[{"href":"https:\/\/ohm-informatique.ch\/index.php\/wp-json\/wp\/v2\/pages\/230","targetHints":{"allow":["GET"]}}],"collection":[{"href":"https:\/\/ohm-informatique.ch\/index.php\/wp-json\/wp\/v2\/pages"}],"about":[{"href":"https:\/\/ohm-informatique.ch\/index.php\/wp-json\/wp\/v2\/types\/page"}],"author":[{"embeddable":true,"href":"https:\/\/ohm-informatique.ch\/index.php\/wp-json\/wp\/v2\/users\/2"}],"replies":[{"embeddable":true,"href":"https:\/\/ohm-informatique.ch\/index.php\/wp-json\/wp\/v2\/comments?post=230"}],"version-history":[{"count":12,"href":"https:\/\/ohm-informatique.ch\/index.php\/wp-json\/wp\/v2\/pages\/230\/revisions"}],"predecessor-version":[{"id":244,"href":"https:\/\/ohm-informatique.ch\/index.php\/wp-json\/wp\/v2\/pages\/230\/revisions\/244"}],"wp:attachment":[{"href":"https:\/\/ohm-informatique.ch\/index.php\/wp-json\/wp\/v2\/media?parent=230"}],"curies":[{"name":"wp","href":"https:\/\/api.w.org\/{rel}","templated":true}]}}