{"id":19,"date":"2018-02-03T17:50:03","date_gmt":"2018-02-03T16:50:03","guid":{"rendered":"https:\/\/ohm-informatique.ch\/?page_id=19"},"modified":"2024-02-25T18:21:13","modified_gmt":"2024-02-25T17:21:13","slug":"nos-services","status":"publish","type":"page","link":"https:\/\/ohm-informatique.ch\/index.php\/nos-services\/","title":{"rendered":"Portefolio de nos r\u00e9alisations informatiques"},"content":{"rendered":"\n<p>Sur cette page, vous d\u00e9couvrirez une s\u00e9lection de nos r\u00e9alisations les plus marquantes. Chaque projet est accompagn\u00e9 d&rsquo;une description d\u00e9taill\u00e9e et de photos. Nous esp\u00e9rons que cette vitrine de nos comp\u00e9tences vous donnera un aper\u00e7u de notre savoir-faire et de notre approche professionnelle.<\/p>\n\n\n\n<hr class=\"wp-block-separator has-alpha-channel-opacity\"\/>\n\n\n\n<h3 class=\"wp-block-heading\">Montage d&rsquo;un ordinateur NUC pour un cabinet d&rsquo;ergoth\u00e9rapie puis utilisation priv\u00e9e<\/h3>\n\n\n\n<figure class=\"wp-block-gallery has-nested-images columns-default is-cropped wp-block-gallery-1 is-layout-flex wp-block-gallery-is-layout-flex\">\n<figure class=\"wp-block-image size-large\"><img loading=\"lazy\" decoding=\"async\" width=\"700\" height=\"603\" data-id=\"216\" src=\"https:\/\/ohm-informatique.ch\/wp-content\/uploads\/2023\/05\/20230520_092853-700x603.jpg\" alt=\"\" class=\"wp-image-216\" srcset=\"https:\/\/ohm-informatique.ch\/wp-content\/uploads\/2023\/05\/20230520_092853-700x603.jpg 700w, https:\/\/ohm-informatique.ch\/wp-content\/uploads\/2023\/05\/20230520_092853-250x215.jpg 250w, https:\/\/ohm-informatique.ch\/wp-content\/uploads\/2023\/05\/20230520_092853-768x662.jpg 768w, https:\/\/ohm-informatique.ch\/wp-content\/uploads\/2023\/05\/20230520_092853-120x103.jpg 120w, https:\/\/ohm-informatique.ch\/wp-content\/uploads\/2023\/05\/20230520_092853.jpg 1078w\" sizes=\"auto, (max-width: 700px) 100vw, 700px\" \/><\/figure>\n\n\n\n<figure class=\"wp-block-image size-large\"><img loading=\"lazy\" decoding=\"async\" width=\"700\" height=\"738\" data-id=\"217\" src=\"https:\/\/ohm-informatique.ch\/wp-content\/uploads\/2023\/05\/20230520_093445-700x738.jpg\" alt=\"\" class=\"wp-image-217\" srcset=\"https:\/\/ohm-informatique.ch\/wp-content\/uploads\/2023\/05\/20230520_093445-700x738.jpg 700w, https:\/\/ohm-informatique.ch\/wp-content\/uploads\/2023\/05\/20230520_093445-250x264.jpg 250w, https:\/\/ohm-informatique.ch\/wp-content\/uploads\/2023\/05\/20230520_093445-768x810.jpg 768w, https:\/\/ohm-informatique.ch\/wp-content\/uploads\/2023\/05\/20230520_093445-120x127.jpg 120w, https:\/\/ohm-informatique.ch\/wp-content\/uploads\/2023\/05\/20230520_093445.jpg 1440w\" sizes=\"auto, (max-width: 700px) 100vw, 700px\" \/><\/figure>\n\n\n\n<figure class=\"wp-block-image size-large\"><img loading=\"lazy\" decoding=\"async\" width=\"700\" height=\"732\" data-id=\"218\" src=\"https:\/\/ohm-informatique.ch\/wp-content\/uploads\/2023\/05\/20230520_093711-700x732.jpg\" alt=\"\" class=\"wp-image-218\" srcset=\"https:\/\/ohm-informatique.ch\/wp-content\/uploads\/2023\/05\/20230520_093711-700x732.jpg 700w, https:\/\/ohm-informatique.ch\/wp-content\/uploads\/2023\/05\/20230520_093711-250x261.jpg 250w, https:\/\/ohm-informatique.ch\/wp-content\/uploads\/2023\/05\/20230520_093711-768x803.jpg 768w, https:\/\/ohm-informatique.ch\/wp-content\/uploads\/2023\/05\/20230520_093711-120x125.jpg 120w, https:\/\/ohm-informatique.ch\/wp-content\/uploads\/2023\/05\/20230520_093711.jpg 1248w\" sizes=\"auto, (max-width: 700px) 100vw, 700px\" \/><\/figure>\n<\/figure>\n\n\n\n<p><\/p>\n\n\n\n<p>Composants:<\/p>\n\n\n\n<ul class=\"wp-block-list\">\n<li>Boitier: Intel Barebone NUC 13 Pro Intel Core i5-1340P<\/li>\n\n\n\n<li>RAM: Kingston SO-DDR4-RAM FURY Impact 3200 MHz 2x 8 GB<\/li>\n\n\n\n<li>Disque dur (SSD):Samsung SSD 980 M.2 2280 NVMe 1000 GB<\/li>\n\n\n\n<li>Syst\u00e8me d&rsquo;exploitation: Windows 11<\/li>\n\n\n\n<li>Plateforme de productivit\u00e9: Office 365<\/li>\n<\/ul>\n\n\n\n<p>Les NUC d&rsquo;Intel offrent une solution attrayante pour les particuliers et les entreprises cherchant \u00e0 allier performances, polyvalence et encombrement r\u00e9duit.<\/p>\n\n\n\n<hr class=\"wp-block-separator has-alpha-channel-opacity\"\/>\n\n\n\n<h2 class=\"wp-block-heading\">Le d\u00e9ploiement et la gestion des 10 tablettes Microsoft Surface Go 3 pour le conseil communal<\/h2>\n\n\n\n<figure class=\"wp-block-image size-large\"><img loading=\"lazy\" decoding=\"async\" width=\"700\" height=\"367\" src=\"https:\/\/ohm-informatique.ch\/wp-content\/uploads\/2023\/05\/20220721_174214-700x367.jpg\" alt=\"\" class=\"wp-image-176\" srcset=\"https:\/\/ohm-informatique.ch\/wp-content\/uploads\/2023\/05\/20220721_174214-700x367.jpg 700w, https:\/\/ohm-informatique.ch\/wp-content\/uploads\/2023\/05\/20220721_174214-250x131.jpg 250w, https:\/\/ohm-informatique.ch\/wp-content\/uploads\/2023\/05\/20220721_174214-768x402.jpg 768w, https:\/\/ohm-informatique.ch\/wp-content\/uploads\/2023\/05\/20220721_174214-1536x804.jpg 1536w, https:\/\/ohm-informatique.ch\/wp-content\/uploads\/2023\/05\/20220721_174214-2048x1072.jpg 2048w, https:\/\/ohm-informatique.ch\/wp-content\/uploads\/2023\/05\/20220721_174214-120x63.jpg 120w\" sizes=\"auto, (max-width: 700px) 100vw, 700px\" \/><\/figure>\n\n\n\n<p>Dans le monde num\u00e9rique d&rsquo;aujourd&rsquo;hui, les dispositifs technologiques sont devenus indispensables pour de nombreux secteurs, y compris les administrations locales.<\/p>\n\n\n\n<p>Le d\u00e9ploiement des tablettes Microsoft Surface Go 3 au sein du conseil communal de Nuvilly a \u00e9t\u00e9 une \u00e9tape cruciale pour am\u00e9liorer l&rsquo;efficacit\u00e9 et la productivit\u00e9 des processus administratifs. Avec une configuration de 8 Go de RAM et un SSD de 128 Go, ces tablettes offrent une puissance suffisante pour r\u00e9pondre aux besoins des conseillers communaux.<\/p>\n\n\n\n<hr class=\"wp-block-separator has-alpha-channel-opacity\"\/>\n\n\n\n<p>D\u00e9couvrez diverses interventions informatiques captur\u00e9es en images !<\/p>\n\n\n\n<figure class=\"wp-block-gallery has-nested-images columns-default is-cropped wp-block-gallery-2 is-layout-flex wp-block-gallery-is-layout-flex\">\n<figure class=\"wp-block-image size-large\"><img loading=\"lazy\" decoding=\"async\" width=\"700\" height=\"472\" data-id=\"213\" src=\"https:\/\/ohm-informatique.ch\/wp-content\/uploads\/2023\/05\/20210704_183701-700x472.jpg\" alt=\"\" class=\"wp-image-213\" srcset=\"https:\/\/ohm-informatique.ch\/wp-content\/uploads\/2023\/05\/20210704_183701-700x472.jpg 700w, https:\/\/ohm-informatique.ch\/wp-content\/uploads\/2023\/05\/20210704_183701-250x169.jpg 250w, https:\/\/ohm-informatique.ch\/wp-content\/uploads\/2023\/05\/20210704_183701-768x518.jpg 768w, https:\/\/ohm-informatique.ch\/wp-content\/uploads\/2023\/05\/20210704_183701-1536x1036.jpg 1536w, https:\/\/ohm-informatique.ch\/wp-content\/uploads\/2023\/05\/20210704_183701-2048x1381.jpg 2048w, https:\/\/ohm-informatique.ch\/wp-content\/uploads\/2023\/05\/20210704_183701-120x81.jpg 120w\" sizes=\"auto, (max-width: 700px) 100vw, 700px\" \/><\/figure>\n<\/figure>\n","protected":false},"excerpt":{"rendered":"Sur cette page, vous d\u00e9couvrirez une s\u00e9lection de nos r\u00e9alisations les plus marquantes. Chaque projet est accompagn\u00e9 d&rsquo;une description d\u00e9taill\u00e9e et de photos. Nous esp\u00e9rons que cette vitrine de nos comp\u00e9tences vous donnera un aper\u00e7u de notre savoir-faire et de notre approche professionnelle. Montage d&rsquo;un ordinateur NUC pour un cabinet d&rsquo;ergoth\u00e9rapie puis utilisation priv\u00e9e Composants:&#8230; <a class=\"view-article\" href=\"https:\/\/ohm-informatique.ch\/index.php\/nos-services\/\">Voir l&rsquo;article<\/a>","protected":false},"author":1,"featured_media":0,"parent":0,"menu_order":0,"comment_status":"closed","ping_status":"closed","template":"","meta":{"_acf_changed":false,"footnotes":""},"class_list":["post-19","page","type-page","status-publish","hentry"],"acf":[],"_links":{"self":[{"href":"https:\/\/ohm-informatique.ch\/index.php\/wp-json\/wp\/v2\/pages\/19","targetHints":{"allow":["GET"]}}],"collection":[{"href":"https:\/\/ohm-informatique.ch\/index.php\/wp-json\/wp\/v2\/pages"}],"about":[{"href":"https:\/\/ohm-informatique.ch\/index.php\/wp-json\/wp\/v2\/types\/page"}],"author":[{"embeddable":true,"href":"https:\/\/ohm-informatique.ch\/index.php\/wp-json\/wp\/v2\/users\/1"}],"replies":[{"embeddable":true,"href":"https:\/\/ohm-informatique.ch\/index.php\/wp-json\/wp\/v2\/comments?post=19"}],"version-history":[{"count":14,"href":"https:\/\/ohm-informatique.ch\/index.php\/wp-json\/wp\/v2\/pages\/19\/revisions"}],"predecessor-version":[{"id":253,"href":"https:\/\/ohm-informatique.ch\/index.php\/wp-json\/wp\/v2\/pages\/19\/revisions\/253"}],"wp:attachment":[{"href":"https:\/\/ohm-informatique.ch\/index.php\/wp-json\/wp\/v2\/media?parent=19"}],"curies":[{"name":"wp","href":"https:\/\/api.w.org\/{rel}","templated":true}]}}