{"id":144,"date":"2025-11-02T19:39:41","date_gmt":"2025-11-02T18:39:41","guid":{"rendered":"https:\/\/ohm-informatique.ch\/?page_id=144"},"modified":"2025-11-02T19:39:41","modified_gmt":"2025-11-02T18:39:41","slug":"a-propos-dohm-informatique","status":"publish","type":"page","link":"https:\/\/ohm-informatique.ch\/index.php\/a-propos-dohm-informatique\/","title":{"rendered":"\u00c0 propos d\u2019OHM Informatique"},"content":{"rendered":"\n<p>Bas\u00e9e dans la Broye, <strong>OHM Informatique<\/strong> accompagne depuis plus de dix ans les particuliers, les PME, les \u00e9coles et les communes dans leurs besoins informatiques au quotidien.<br>Notre mission : offrir un service <strong>de proximit\u00e9<\/strong>, r\u00e9actif et de confiance, en alliant <strong>comp\u00e9tence technique et approche humaine<\/strong>.<\/p>\n\n\n\n<p>De la <strong>planification \u00e0 la mise en service<\/strong>, nous prenons en charge la gestion compl\u00e8te de vos infrastructures informatiques : installation, maintenance, sauvegarde, cybers\u00e9curit\u00e9, et formation des utilisateurs.<br>Notre priorit\u00e9 est simple : que vos outils fonctionnent, afin que vous puissiez vous concentrer sur votre activit\u00e9.<\/p>\n\n\n\n<p>Gr\u00e2ce \u00e0 des solutions modernes comme <strong>Microsoft 365, Synology, Intune, Home Assistant<\/strong> ou encore des syst\u00e8mes sur mesure, nous aidons nos clients \u00e0 gagner en efficacit\u00e9 et en s\u00e9r\u00e9nit\u00e9.<\/p>\n\n\n\n<hr class=\"wp-block-separator has-alpha-channel-opacity\"\/>\n\n\n\n<p><strong>Informations diverses<\/strong><\/p>\n\n\n\n<ul class=\"wp-block-list\">\n<li><strong>Fond\u00e9e par Pierre-Alain Daepp<\/strong> en 2013<\/li>\n\n\n\n<li><strong>Entreprise inscrite au registre du commerce<\/strong><\/li>\n\n\n\n<li>Plus de <strong>300 clients particuliers<\/strong>, <strong>plusieurs communes et PME<\/strong> font confiance \u00e0 OHM Informatique<\/li>\n\n\n\n<li>Des <strong>centaines d\u2019interventions chaque ann\u00e9e<\/strong>, dont la majorit\u00e9 r\u00e9alis\u00e9es \u00e0 distance gr\u00e2ce \u00e0 la t\u00e9l\u00e9maintenance<\/li>\n<\/ul>\n\n\n\n<p><\/p>\n","protected":false},"excerpt":{"rendered":"Bas\u00e9e dans la Broye, OHM Informatique accompagne depuis plus de dix ans les particuliers, les PME, les \u00e9coles et les communes dans leurs besoins informatiques au quotidien.Notre mission : offrir un service de proximit\u00e9, r\u00e9actif et de confiance, en alliant comp\u00e9tence technique et approche humaine. De la planification \u00e0 la mise en service, nous prenons&#8230; <a class=\"view-article\" href=\"https:\/\/ohm-informatique.ch\/index.php\/a-propos-dohm-informatique\/\">Voir l&rsquo;article<\/a>","protected":false},"author":2,"featured_media":0,"parent":0,"menu_order":0,"comment_status":"closed","ping_status":"closed","template":"","meta":{"_acf_changed":false,"footnotes":""},"class_list":["post-144","page","type-page","status-publish","hentry"],"acf":[],"_links":{"self":[{"href":"https:\/\/ohm-informatique.ch\/index.php\/wp-json\/wp\/v2\/pages\/144","targetHints":{"allow":["GET"]}}],"collection":[{"href":"https:\/\/ohm-informatique.ch\/index.php\/wp-json\/wp\/v2\/pages"}],"about":[{"href":"https:\/\/ohm-informatique.ch\/index.php\/wp-json\/wp\/v2\/types\/page"}],"author":[{"embeddable":true,"href":"https:\/\/ohm-informatique.ch\/index.php\/wp-json\/wp\/v2\/users\/2"}],"replies":[{"embeddable":true,"href":"https:\/\/ohm-informatique.ch\/index.php\/wp-json\/wp\/v2\/comments?post=144"}],"version-history":[{"count":6,"href":"https:\/\/ohm-informatique.ch\/index.php\/wp-json\/wp\/v2\/pages\/144\/revisions"}],"predecessor-version":[{"id":288,"href":"https:\/\/ohm-informatique.ch\/index.php\/wp-json\/wp\/v2\/pages\/144\/revisions\/288"}],"wp:attachment":[{"href":"https:\/\/ohm-informatique.ch\/index.php\/wp-json\/wp\/v2\/media?parent=144"}],"curies":[{"name":"wp","href":"https:\/\/api.w.org\/{rel}","templated":true}]}}